{"id":1113,"date":"2017-03-26T14:10:20","date_gmt":"2017-03-26T13:10:20","guid":{"rendered":"https:\/\/the7.io\/beauty-studio\/?page_id=1113"},"modified":"2020-02-28T13:43:30","modified_gmt":"2020-02-28T12:43:30","slug":"historique","status":"publish","type":"page","link":"https:\/\/www.fedecame.net\/wp1\/?page_id=1113","title":{"rendered":"Historique"},"content":{"rendered":"<section class=\"wpb-content-wrapper\"><p>[vc_row][vc_column][vc_empty_space][vc_column_text]<strong>La F\u00e9d\u00e9ration de Centrales d\u2019Approvisionnement en M\u00e9dicaments Essentiels (FEDECAME) <\/strong>est une Association Sans But Lucratif (ASBL) de droit congolais dont l&rsquo;Etat Congolais est membre.<\/p>\n<p>Elle a \u00e9t\u00e9 cr\u00e9\u00e9e dans le cadre de la contractualisation Etat-Secteur priv\u00e9 pour pallier \u00e0 l\u2019absence d\u2019un Syst\u00e8me National d\u2019Approvisionnement en M\u00e9dicaments \u00e0 la suite de la faillite et liquidation de l\u2019ex-DCMP (D\u00e9p\u00f4t Central M\u00e9dico-Pharmaceutique).<\/p>\n<p>Les statuts de la FEDECAME ont \u00e9t\u00e9 sign\u00e9s le 30 Octobre 2003. Les membres fondateurs sont :<\/p>\n<ul>\n<li>Le Gouvernement de la R\u00e9publique D\u00e9mocratique du Congo, repr\u00e9sent\u00e9 par le Minist\u00e8re de la Sant\u00e9 et le Minist\u00e8re des Finances, le Minist\u00e8re du Budget.<\/li>\n<li>L\u2019Ordre de Malte<\/li>\n<li>ASRAMES (Association R\u00e9gionale pour l\u2019Approvisionnement en M\u00e9dicaments Essentiels)<\/li>\n<li>Le Dioc\u00e8se de Kisantu<\/li>\n<li>La CARITAS Mbuji Mayi<\/li>\n<li>L\u2019Archidioc\u00e8se de Kananga<\/li>\n<li>Le CEMUBAC<\/li>\n<li>HORIZON SANTE<\/li>\n<li>La Congr\u00e9gation des S\u0153urs de Saint Vincent de Paul Servantes des Pauvres<\/li>\n<li>La Coop\u00e9ration Technique Belge (CTB\/BCT)<\/li>\n<li>L\u2019Union Europ\u00e9enne<\/li>\n<li>ECC\/IMA<\/li>\n<li>Medicus Mundi<\/li>\n<\/ul>\n<p>&nbsp;<\/p>\n<p>Le Minist\u00e8re de la Sant\u00e9 a accord\u00e9 \u00e0 la FEDECAME le Certificat d\u2019Enregistrement au titre d\u2019Association Sans but Lucratif de d\u00e9veloppement sanitaire le 15 Janvier 2004.<\/p>\n<p>La FEDECAME a sign\u00e9 en date du 09 Mars 2005 avec le Gouvernement de la R\u00e9publique D\u00e9mocratique du Congo une Convention qui lui confie une mission de service public et d\u2019int\u00e9r\u00eat g\u00e9n\u00e9ral,<\/p>\n<p>La FEDECAME a acquis en date du 31 D\u00e9cembre 2005, la personnalit\u00e9 juridique par Arr\u00eat\u00e9 minist\u00e9riel N\u00b0 937\/CAB\/MIN\/J\/2005 du\u00a0 Ministre de la Justice.<\/p>\n<p>[\/vc_column_text][\/vc_column][\/vc_row]<\/p>\n<\/section>","protected":false},"excerpt":{"rendered":"<p>[vc_row][vc_column][vc_empty_space][vc_column_text]La F\u00e9d\u00e9ration de Centrales d\u2019Approvisionnement en M\u00e9dicaments Essentiels (FEDECAME) est une Association Sans But Lucratif (ASBL) de droit congolais dont l&rsquo;Etat Congolais est membre. Elle a \u00e9t\u00e9 cr\u00e9\u00e9e dans le cadre de la contractualisation Etat-Secteur priv\u00e9 pour pallier \u00e0 l\u2019absence d\u2019un Syst\u00e8me National d\u2019Approvisionnement en M\u00e9dicaments \u00e0 la suite de la faillite et liquidation de&hellip;<\/p>\n","protected":false},"author":1,"featured_media":0,"parent":5,"menu_order":0,"comment_status":"closed","ping_status":"closed","template":"","meta":{"footnotes":""},"_links":{"self":[{"href":"https:\/\/www.fedecame.net\/wp1\/index.php?rest_route=\/wp\/v2\/pages\/1113"}],"collection":[{"href":"https:\/\/www.fedecame.net\/wp1\/index.php?rest_route=\/wp\/v2\/pages"}],"about":[{"href":"https:\/\/www.fedecame.net\/wp1\/index.php?rest_route=\/wp\/v2\/types\/page"}],"author":[{"embeddable":true,"href":"https:\/\/www.fedecame.net\/wp1\/index.php?rest_route=\/wp\/v2\/users\/1"}],"replies":[{"embeddable":true,"href":"https:\/\/www.fedecame.net\/wp1\/index.php?rest_route=%2Fwp%2Fv2%2Fcomments&post=1113"}],"version-history":[{"count":7,"href":"https:\/\/www.fedecame.net\/wp1\/index.php?rest_route=\/wp\/v2\/pages\/1113\/revisions"}],"predecessor-version":[{"id":2662,"href":"https:\/\/www.fedecame.net\/wp1\/index.php?rest_route=\/wp\/v2\/pages\/1113\/revisions\/2662"}],"up":[{"embeddable":true,"href":"https:\/\/www.fedecame.net\/wp1\/index.php?rest_route=\/wp\/v2\/pages\/5"}],"wp:attachment":[{"href":"https:\/\/www.fedecame.net\/wp1\/index.php?rest_route=%2Fwp%2Fv2%2Fmedia&parent=1113"}],"curies":[{"name":"wp","href":"https:\/\/api.w.org\/{rel}","templated":true}]}}