{"id":1867,"date":"2018-05-21T06:42:44","date_gmt":"2018-05-21T04:42:44","guid":{"rendered":"http:\/\/localhost\/fedecame\/?page_id=1867"},"modified":"2019-03-15T07:29:52","modified_gmt":"2019-03-15T06:29:52","slug":"cdr-cameskin-kinshasa","status":"publish","type":"page","link":"https:\/\/www.fedecame.net\/wp1\/?page_id=1867","title":{"rendered":"CDR CAMESKIN- Kinshasa"},"content":{"rendered":"<p><strong>1. PRESENTATION<\/strong><\/p>\n<p><img loading=\"lazy\" decoding=\"async\" class=\"alignleft size-medium wp-image-2030\" src=\"http:\/\/www.fedecame.com\/wp-content\/uploads\/2018\/12\/fedecame-286x300.jpg\" alt=\"\" width=\"286\" height=\"300\" srcset=\"https:\/\/www.fedecame.net\/wp1\/wp-content\/uploads\/2018\/12\/fedecame-286x300.jpg 286w, https:\/\/www.fedecame.net\/wp1\/wp-content\/uploads\/2018\/12\/fedecame.jpg 699w\" sizes=\"(max-width: 286px) 100vw, 286px\" \/>La Cameskin est association \u00e0 but non lucratif de droit congolais ayant son si\u00e8ge social \u00e0 Kinshasa. \u00c9voluant dans le SNAME (Syst\u00e8me National d\u2019Approvisionnement en M\u00e9dicaments Essentiels), la Cameskin asbl fait partie de la chaine officielle d\u2019approvisionnements en m\u00e9dicaments essentiels de la R\u00e9publique D\u00e9mocratique du Congo reconnue comme telle par le Programme National d\u2019Approvisionnements en M\u00e9dicaments (PNAM).<\/p>\n<p>Son organisation administrative r\u00e9pond aux exigences l\u00e9gales en la mati\u00e8re entant qu\u2019asbl. Elle est compos\u00e9e d\u2019une Assembl\u00e9e G\u00e9n\u00e9rale, d\u2019une Conseil d\u2019Administration et d\u2019une \u00e9quipe ex\u00e9cutive.<\/p>\n<p>Son Assembl\u00e9e g\u00e9n\u00e9rale est de la plupart de ses membres fondateurs qui sont\u00a0:<\/p>\n<p>&nbsp;<\/p>\n<p>&nbsp;<\/p>\n<p>(1) l\u2019Inspection Provinciale de Sant\u00e9 ville province de Kinshasa,<\/p>\n<p>(2) l\u2019ULB Coop\u00e9ration, ex Cemubac,<\/p>\n<p>(3) l\u2019Arm\u00e9e du Salut,<\/p>\n<p>(4) le BDOM (Bureau Dioc\u00e9sain des \u0152uvres M\u00e9dicales),<\/p>\n<p>(5) le CCISD \u2013 Prosakin aujourd\u2019hui Passkin,<\/p>\n<p>(6) le Centre Hospitalier de Monkole (ICU-CQFOR),<\/p>\n<p>(7) le M\u00e9dicus Mundi Navarra,<\/p>\n<p>(8) la Fondation Damien aujourd\u2019hui Action Damien,<\/p>\n<p>(9) l\u2019ECC (Eglise du Christ au Congo),<\/p>\n<p>(10) la CTB (Coop\u00e9ration Technique Belge),<\/p>\n<p>(11) Horizon Sant\u00e9<\/p>\n<p>(12) Memisa Belgique.<\/p>\n<p>L\u2019arr\u00eat\u00e9 minist\u00e9riel n\u00b0 172\/CAB\/MIN\/J\/2006 du 20 juin 2006 lui consacre la personnalit\u00e9 juridique.<\/p>\n<p>Le si\u00e8ge de la Cameskin se trouve \u00e0 Kinshasa, dans la Commune de Barumbu au quartier Ndolo sur l\u2019avenue de la Pharmacie au num\u00e9ro 39, concession ex DCMP (D\u00e9p\u00f4t Centrale M\u00e9dico &#8211; Pharmaceutique)<strong>.<\/strong><\/p>\n<p><strong>2. APPROVISIONNEMENTS<br \/>\n<\/strong><\/p>\n<table style=\"height: 387px;\" width=\"706\">\n<tbody>\n<tr>\n<td rowspan=\"2\" width=\"169\"><\/td>\n<td width=\"113\"><strong>2017<\/strong><\/td>\n<td width=\"136\"><strong>2016<\/strong><\/td>\n<td width=\"91\"><strong>2015<\/strong><\/td>\n<\/tr>\n<tr>\n<td width=\"113\"><strong>VAL USD<\/strong><\/td>\n<td width=\"136\"><strong>VAL USD<\/strong><\/td>\n<td width=\"91\"><strong>VAL USD<\/strong><\/td>\n<\/tr>\n<tr>\n<td width=\"169\"><strong>CDR<\/strong><\/td>\n<td width=\"113\"><strong>\u00a0<\/strong><\/td>\n<td width=\"136\"><strong>\u00a0\u00a0\u00a0\u00a0\u00a0\u00a0\u00a0\u00a0\u00a0\u00a0\u00a0\u00a0\u00a0\u00a0 346 166,34\u00a0\u00a0 <\/strong><\/td>\n<td width=\"91\"><strong>102 252,90<\/strong><\/td>\n<\/tr>\n<tr>\n<td width=\"169\"><strong>FEDECAME<\/strong><\/td>\n<td width=\"113\"><strong>\u00a0<\/strong><\/td>\n<td width=\"136\"><strong>\u00a0\u00a0\u00a0\u00a0\u00a0\u00a0\u00a0\u00a0\u00a0\u00a0\u00a0\u00a0\u00a0\u00a0\u00a0\u00a0 07 455,47\u00a0\u00a0 <\/strong><\/td>\n<td width=\"91\"><strong>308 614,65<\/strong><\/td>\n<\/tr>\n<tr>\n<td width=\"169\"><strong>FEDECAME\/CDR<\/strong><\/td>\n<td width=\"113\"><strong>241 644,52<\/strong><\/td>\n<td width=\"136\"><strong>\u00a0\u00a0\u00a0\u00a0\u00a0\u00a0\u00a0\u00a0\u00a0\u00a0\u00a0\u00a0\u00a0\u00a0\u00a0 53 621,81\u00a0\u00a0 <\/strong><\/td>\n<td width=\"91\"><strong>410 867,55<\/strong><\/td>\n<\/tr>\n<tr>\n<td width=\"169\"><strong>AUTRES<\/strong><\/td>\n<td width=\"113\"><strong>219\u00a0165,64<\/strong><\/td>\n<td width=\"136\"><strong>\u00a0\u00a0\u00a0\u00a0\u00a0\u00a0\u00a0\u00a0\u00a0\u00a0\u00a0\u00a0\u00a0\u00a0 121 978,10\u00a0\u00a0 <\/strong><\/td>\n<td width=\"91\"><strong>320 733,18<\/strong><\/td>\n<\/tr>\n<tr>\n<td width=\"169\"><strong>Total<\/strong><\/td>\n<td width=\"113\"><strong>\u00a0<\/strong><\/td>\n<td width=\"136\"><strong>\u00a0\u00a0\u00a0\u00a0\u00a0\u00a0\u00a0\u00a0\u00a0\u00a0\u00a0\u00a0\u00a0\u00a0 675 599,91\u00a0\u00a0 <\/strong><\/td>\n<td width=\"91\"><strong>731 600,73<\/strong><\/td>\n<\/tr>\n<\/tbody>\n<\/table>\n<p><strong>\u00a0<\/strong><\/p>\n<p><strong>3.STOCKAGE &amp; LOGISTIQUE <\/strong><\/p>\n<table width=\"680\">\n<tbody>\n<tr>\n<td width=\"148\">Infrastructures<\/td>\n<td width=\"532\">3 b\u00e2timents (bureaux, d\u00e9p\u00f4ts et entrep\u00f4ts)<\/td>\n<\/tr>\n<tr>\n<td width=\"148\">Volume stockage<\/td>\n<td width=\"532\">4500m3<\/td>\n<\/tr>\n<tr>\n<td width=\"148\">Cold chain :<\/td>\n<td width=\"532\">1\u00a0680 L<\/td>\n<\/tr>\n<tr>\n<td width=\"148\">Employees :<\/td>\n<td width=\"532\">20 peoples<\/td>\n<\/tr>\n<tr>\n<td width=\"148\">Charroi<\/td>\n<td width=\"532\">4 v\u00e9hicules de livraison, 1 v\u00e9hicule de direction et 1 v\u00e9hicule utilitaire<\/td>\n<\/tr>\n<\/tbody>\n<\/table>\n<p>&nbsp;<\/p>\n<p><strong>4. DISTRIBUTION<\/strong><\/p>\n<ul>\n<li><strong><em>Client\u00e8le<\/em><\/strong><\/li>\n<\/ul>\n<table style=\"height: 385px;\" width=\"690\">\n<tbody>\n<tr>\n<td colspan=\"14\" width=\"577\"><strong>EVOLUTION DE LA CLIENTELE DE 2005 \u00e0 2017<\/strong><\/td>\n<\/tr>\n<tr>\n<td width=\"59\"><strong>Client\u00e8le <\/strong>\u00a0<strong>\u00a0<\/strong><\/td>\n<td width=\"35\"><strong>2005<\/strong><\/td>\n<td width=\"35\"><strong>2006<\/strong><\/td>\n<td width=\"35\"><strong>2007<\/strong><\/td>\n<td width=\"35\"><strong>2008<\/strong><\/td>\n<td width=\"35\"><strong>2009<\/strong><\/td>\n<td width=\"35\"><strong>2010<\/strong><\/td>\n<td width=\"35\"><strong>2011<\/strong><\/td>\n<td width=\"35\"><strong>2012<\/strong><\/td>\n<td width=\"35\"><strong>2013<\/strong><\/td>\n<td width=\"35\"><strong>2014<\/strong><\/td>\n<td width=\"35\"><strong>2015<\/strong><\/td>\n<td width=\"66\"><strong>2016<\/strong><\/td>\n<td width=\"66\"><strong>2017<\/strong><\/td>\n<\/tr>\n<tr>\n<td width=\"59\"><strong>TOTAL<\/strong>\u00a0 <strong>\u00a0<\/strong><\/td>\n<td width=\"35\"><strong>26<\/strong><\/td>\n<td width=\"35\"><strong>43<\/strong><\/td>\n<td width=\"35\"><strong>63<\/strong><\/td>\n<td width=\"35\"><strong>64<\/strong><\/td>\n<td width=\"35\"><strong>64<\/strong><\/td>\n<td width=\"35\"><strong>67<\/strong><\/td>\n<td width=\"35\"><strong>59<\/strong><\/td>\n<td width=\"35\"><strong>61<\/strong><\/td>\n<td width=\"35\"><strong>96<\/strong><\/td>\n<td width=\"35\"><strong>134<\/strong><\/td>\n<td width=\"35\"><strong>130<\/strong><\/td>\n<td width=\"66\"><strong>122<\/strong><\/td>\n<td width=\"66\"><strong>159<\/strong><\/td>\n<\/tr>\n<tr>\n<td width=\"59\"><strong>ZS<\/strong>\u00a0 <strong>\u00a0<\/strong><\/td>\n<td width=\"35\">13<\/td>\n<td width=\"35\">18<\/td>\n<td width=\"35\">26<\/td>\n<td width=\"35\">21<\/td>\n<td width=\"35\">21<\/td>\n<td width=\"35\">16<\/td>\n<td width=\"35\">16<\/td>\n<td width=\"35\">19<\/td>\n<td width=\"35\">22<\/td>\n<td width=\"35\">31<\/td>\n<td width=\"35\"><strong>31<\/strong><\/td>\n<td width=\"66\"><strong>\u00a0\u00a0\u00a0\u00a0\u00a0\u00a0\u00a0 36\u00a0\u00a0 <\/strong><\/td>\n<td width=\"66\"><strong>49<\/strong><\/td>\n<\/tr>\n<tr>\n<td width=\"59\"><strong>HGR<\/strong>\u00a0 <strong>\u00a0<\/strong><\/td>\n<td width=\"35\">4<\/td>\n<td width=\"35\">7<\/td>\n<td width=\"35\">16<\/td>\n<td width=\"35\">19<\/td>\n<td width=\"35\">16<\/td>\n<td width=\"35\">16<\/td>\n<td width=\"35\">15<\/td>\n<td width=\"35\">14<\/td>\n<td width=\"35\">31<\/td>\n<td width=\"35\">70<\/td>\n<td width=\"35\"><strong>64<\/strong><\/td>\n<td width=\"66\"><strong>\u00a0\u00a0\u00a0\u00a0\u00a0\u00a0\u00a0 48\u00a0\u00a0 <\/strong><\/td>\n<td width=\"66\"><strong>74<\/strong><\/td>\n<\/tr>\n<tr>\n<td width=\"59\"><strong>ONG<\/strong>\u00a0 <strong>\u00a0<\/strong><\/td>\n<td width=\"35\">6<\/td>\n<td width=\"35\">12<\/td>\n<td width=\"35\">16<\/td>\n<td width=\"35\">19<\/td>\n<td width=\"35\">21<\/td>\n<td width=\"35\">31<\/td>\n<td width=\"35\">24<\/td>\n<td width=\"35\">20<\/td>\n<td width=\"35\">36<\/td>\n<td width=\"35\">30<\/td>\n<td width=\"35\"><strong>27<\/strong><\/td>\n<td width=\"66\"><strong>\u00a0\u00a0\u00a0\u00a0\u00a0\u00a0\u00a0 30\u00a0\u00a0 <\/strong><\/td>\n<td width=\"66\"><strong>31<\/strong><\/td>\n<\/tr>\n<tr>\n<td width=\"59\"><strong>CDR <\/strong>\u00a0<strong>\u00a0<\/strong><\/td>\n<td width=\"35\">3<\/td>\n<td width=\"35\">6<\/td>\n<td width=\"35\">5<\/td>\n<td width=\"35\">5<\/td>\n<td width=\"35\">6<\/td>\n<td width=\"35\">4<\/td>\n<td width=\"35\">4<\/td>\n<td width=\"35\">8<\/td>\n<td width=\"35\">7<\/td>\n<td width=\"35\">3<\/td>\n<td width=\"35\"><strong>8<\/strong><\/td>\n<td width=\"66\"><strong>\u00a0\u00a0\u00a0\u00a0\u00a0\u00a0\u00a0\u00a0\u00a0 8\u00a0\u00a0 <\/strong><\/td>\n<td width=\"66\"><strong>5<\/strong><\/td>\n<\/tr>\n<\/tbody>\n<\/table>\n<p>&nbsp;<\/p>\n<p><img loading=\"lazy\" decoding=\"async\" class=\"alignnone wp-image-2031\" src=\"http:\/\/www.fedecame.com\/wp-content\/uploads\/2018\/12\/stat.jpg\" alt=\"\" width=\"537\" height=\"295\" srcset=\"https:\/\/www.fedecame.net\/wp1\/wp-content\/uploads\/2018\/12\/stat.jpg 813w, https:\/\/www.fedecame.net\/wp1\/wp-content\/uploads\/2018\/12\/stat-300x165.jpg 300w, https:\/\/www.fedecame.net\/wp1\/wp-content\/uploads\/2018\/12\/stat-768x421.jpg 768w\" sizes=\"(max-width: 537px) 100vw, 537px\" \/><\/p>\n<ul>\n<li><strong><em>Chiffre d\u2019affaires<\/em><\/strong><\/li>\n<\/ul>\n<table style=\"height: 281px;\" width=\"698\">\n<tbody>\n<tr>\n<td colspan=\"14\" width=\"552\"><strong>EVOLUTION DU CHIFFRE D&rsquo;AFFAIRES DE 2005 A 2017 EN 000 USD<\/strong><\/td>\n<\/tr>\n<tr>\n<td width=\"76\"><\/td>\n<td width=\"36\"><strong>2005<\/strong><\/td>\n<td width=\"36\"><strong>2006<\/strong><\/td>\n<td width=\"36\"><strong>2007<\/strong><\/td>\n<td width=\"36\"><strong>2008<\/strong><\/td>\n<td width=\"36\"><strong>2009<\/strong><\/td>\n<td width=\"36\"><strong>2010<\/strong><\/td>\n<td width=\"36\"><strong>2011<\/strong><\/td>\n<td width=\"36\"><strong>2012<\/strong><\/td>\n<td width=\"36\"><strong>2013<\/strong><\/td>\n<td width=\"39\"><strong>2014<\/strong><\/td>\n<td width=\"36\"><strong>2015<\/strong><\/td>\n<td width=\"39\"><strong>2016<\/strong><\/td>\n<td width=\"39\"><strong>2017<\/strong><\/td>\n<\/tr>\n<tr>\n<td width=\"76\"><strong>ZS<\/strong><\/td>\n<td width=\"36\"><strong>24<\/strong><\/td>\n<td width=\"36\"><strong>83<\/strong><\/td>\n<td width=\"36\"><strong>58<\/strong><\/td>\n<td width=\"36\"><strong>72<\/strong><\/td>\n<td width=\"36\"><strong>62<\/strong><\/td>\n<td width=\"36\"><strong>75<\/strong><\/td>\n<td width=\"36\"><strong>284<\/strong><\/td>\n<td width=\"36\"><strong>177<\/strong><\/td>\n<td width=\"36\"><strong>176<\/strong><\/td>\n<td width=\"39\"><strong>152<\/strong><\/td>\n<td width=\"36\"><strong>159<\/strong><\/td>\n<td width=\"39\"><strong>114<\/strong><\/td>\n<td width=\"39\"><strong>269<\/strong><\/td>\n<\/tr>\n<tr>\n<td width=\"76\"><strong>HGR<\/strong><\/td>\n<td width=\"36\"><strong>8<\/strong><\/td>\n<td width=\"36\"><strong>23<\/strong><\/td>\n<td width=\"36\"><strong>49<\/strong><\/td>\n<td width=\"36\"><strong>33<\/strong><\/td>\n<td width=\"36\"><strong>58<\/strong><\/td>\n<td width=\"36\"><strong>65<\/strong><\/td>\n<td width=\"36\"><strong>96<\/strong><\/td>\n<td width=\"36\"><strong>66<\/strong><\/td>\n<td width=\"36\"><strong>146<\/strong><\/td>\n<td width=\"39\"><strong>412<\/strong><\/td>\n<td width=\"36\"><strong>247<\/strong><\/td>\n<td width=\"39\"><strong>204<\/strong><\/td>\n<td width=\"39\"><strong>72<\/strong><\/td>\n<\/tr>\n<tr>\n<td width=\"76\"><strong>ONG &amp; CDR<\/strong><\/td>\n<td width=\"36\"><strong>76<\/strong><\/td>\n<td width=\"36\"><strong>146<\/strong><\/td>\n<td width=\"36\"><strong>195<\/strong><\/td>\n<td width=\"36\"><strong>271<\/strong><\/td>\n<td width=\"36\"><strong>412<\/strong><\/td>\n<td width=\"36\"><strong>833<\/strong><\/td>\n<td width=\"36\"><strong>417<\/strong><\/td>\n<td width=\"36\"><strong>758<\/strong><\/td>\n<td width=\"36\"><strong>754<\/strong><\/td>\n<td width=\"39\"><strong>678<\/strong><\/td>\n<td width=\"36\"><strong>804<\/strong><\/td>\n<td width=\"39\"><strong>535<\/strong><\/td>\n<td width=\"39\"><strong>446<\/strong><\/td>\n<\/tr>\n<tr>\n<td width=\"76\"><strong>TOTAL<\/strong><\/td>\n<td width=\"36\"><strong>108<\/strong><\/td>\n<td width=\"36\"><strong>252<\/strong><\/td>\n<td width=\"36\"><strong>302<\/strong><\/td>\n<td width=\"36\"><strong>376<\/strong><\/td>\n<td width=\"36\"><strong>532<\/strong><\/td>\n<td width=\"36\"><strong>973<\/strong><\/td>\n<td width=\"36\"><strong>797<\/strong><\/td>\n<td width=\"36\"><strong>1001<\/strong><\/td>\n<td width=\"36\"><strong>1076<\/strong><\/td>\n<td width=\"39\"><strong>1 242<\/strong><\/td>\n<td width=\"36\"><strong>1210<\/strong><\/td>\n<td width=\"39\"><strong>1 208<\/strong><\/td>\n<td width=\"39\"><strong>787<\/strong><\/td>\n<\/tr>\n<\/tbody>\n<\/table>\n<p>&nbsp;<\/p>\n<p><strong>5. Contacts\u00a0: <\/strong><\/p>\n<p>Si\u00e8ge principal\u00a0: 39, Av. de la pharmacie, Ndolo, Kinshasa C\/Barumbu<\/p>\n<p><a href=\"http:\/\/cameskin.com\/\">http:\/\/cameskin.com\/<\/a><\/p>\n<p>Courriel\u00a0: <a href=\"mailto:Cameskin@micronet.cd\">Cameskin@micronet.cd<\/a><\/p>\n<p><strong>Directeur Paulin MANGUNGU\u00a0 <\/strong><\/p>\n<p>T\u00e9l\u00e9phone\u00a0: 0814527613<\/p>\n<p>Courriel\u00a0:<a href=\"mailto:paulinmangungu@yahoo.fr\">paulinmangungu@yahoo.fr<\/a><\/p>\n<p><strong>Directeur Adjoint\u00a0 Richard MULAMBA<br \/>\n<\/strong><\/p>\n<p>T\u00e9l\u00e9phone\u00a0: 0992208190<\/p>\n<p>Courriel\u00a0:<a href=\"mailto:mulabiri@gmail.com\">mulabiri@gmail.com<\/a><\/p>\n<p>&nbsp;<\/p>\n","protected":false},"excerpt":{"rendered":"<p>1. PRESENTATION La Cameskin est association \u00e0 but non lucratif de droit congolais ayant son si\u00e8ge social \u00e0 Kinshasa. \u00c9voluant dans le SNAME (Syst\u00e8me National d\u2019Approvisionnement en M\u00e9dicaments Essentiels), la Cameskin asbl fait partie de la chaine officielle d\u2019approvisionnements en m\u00e9dicaments essentiels de la R\u00e9publique D\u00e9mocratique du Congo reconnue comme telle par le Programme National&hellip;<\/p>\n","protected":false},"author":1,"featured_media":0,"parent":0,"menu_order":0,"comment_status":"closed","ping_status":"closed","template":"","meta":{"footnotes":""},"_links":{"self":[{"href":"https:\/\/www.fedecame.net\/wp1\/index.php?rest_route=\/wp\/v2\/pages\/1867"}],"collection":[{"href":"https:\/\/www.fedecame.net\/wp1\/index.php?rest_route=\/wp\/v2\/pages"}],"about":[{"href":"https:\/\/www.fedecame.net\/wp1\/index.php?rest_route=\/wp\/v2\/types\/page"}],"author":[{"embeddable":true,"href":"https:\/\/www.fedecame.net\/wp1\/index.php?rest_route=\/wp\/v2\/users\/1"}],"replies":[{"embeddable":true,"href":"https:\/\/www.fedecame.net\/wp1\/index.php?rest_route=%2Fwp%2Fv2%2Fcomments&post=1867"}],"version-history":[{"count":17,"href":"https:\/\/www.fedecame.net\/wp1\/index.php?rest_route=\/wp\/v2\/pages\/1867\/revisions"}],"predecessor-version":[{"id":2007,"href":"https:\/\/www.fedecame.net\/wp1\/index.php?rest_route=\/wp\/v2\/pages\/1867\/revisions\/2007"}],"wp:attachment":[{"href":"https:\/\/www.fedecame.net\/wp1\/index.php?rest_route=%2Fwp%2Fv2%2Fmedia&parent=1867"}],"curies":[{"name":"wp","href":"https:\/\/api.w.org\/{rel}","templated":true}]}}