{"id":1893,"date":"2018-05-21T07:16:23","date_gmt":"2018-05-21T05:16:23","guid":{"rendered":"http:\/\/localhost\/fedecame\/?page_id=1893"},"modified":"2019-03-15T07:38:18","modified_gmt":"2019-03-15T06:38:18","slug":"cdr-cedimek","status":"publish","type":"page","link":"https:\/\/www.fedecame.net\/wp1\/?page_id=1893","title":{"rendered":"CDR CEDIMEK"},"content":{"rendered":"<section class=\"wpb-content-wrapper\"><p>[vc_row][vc_column][vc_column_text]La Cedimek est situ\u00e9e dans la Ville de Kamina au sein des installations du Bureau du District sanitaire de Haut Lomami.<br \/>\nElle fonctionne depuis 2004 sous forme d\u2019un projet PMURR puis en asbl en 2005. Sa zone de couverture s\u2019\u00e9tend au district de Haut Lomami au Nord du Katanga sur 137 787 Km2, subdivis\u00e9e en 16 ZS avec 2 800 000 habitants.<br \/>\nPartenaire: ECC-IMA(Axxes, PMURR)<br \/>\nCapacit\u00e9s fonctionnelles: les installations de la Cedimek repr\u00e9sentent 910 m2 en 2 d\u00e9p\u00f4ts.<br \/>\nElle emploie 5 personnes. Elle assure le processus d\u2019acquisition de MEG avec l\u2019appui de son partenaire.<\/p>\n<p>Indicateurs 2008:<br \/>\n\u2022 Volume de vente: 270 000$<br \/>\n\u2022 Structures clientes: 63,85% aux BCZS et en 30,73% aux HGR.<br \/>\n\u2022 Fonds de roulement: 50 670,00 $<br \/>\nD\u00e9fi: approvisionner les ZS en MEG en ren- for\u00e7ant son FDR,jusqu\u2019 \u00e0 500 000 $[\/vc_column_text][\/vc_column][\/vc_row][vc_row][vc_column][vc_column_text]<img loading=\"lazy\" decoding=\"async\" class=\"alignnone size-full wp-image-1894\" src=\"http:\/\/localhost\/fedecame\/wp-content\/uploads\/2018\/05\/c13.jpg\" alt=\"\" width=\"723\" height=\"619\" srcset=\"https:\/\/www.fedecame.net\/wp1\/wp-content\/uploads\/2018\/05\/c13.jpg 723w, https:\/\/www.fedecame.net\/wp1\/wp-content\/uploads\/2018\/05\/c13-300x257.jpg 300w\" sizes=\"(max-width: 723px) 100vw, 723px\" \/>[\/vc_column_text][\/vc_column][\/vc_row]<\/p>\n<\/section>","protected":false},"excerpt":{"rendered":"<p>[vc_row][vc_column][vc_column_text]La Cedimek est situ\u00e9e dans la Ville de Kamina au sein des installations du Bureau du District sanitaire de Haut Lomami. Elle fonctionne depuis 2004 sous forme d\u2019un projet PMURR puis en asbl en 2005. Sa zone de couverture s\u2019\u00e9tend au district de Haut Lomami au Nord du Katanga sur 137 787 Km2, subdivis\u00e9e en&hellip;<\/p>\n","protected":false},"author":1,"featured_media":0,"parent":0,"menu_order":0,"comment_status":"closed","ping_status":"closed","template":"","meta":{"footnotes":""},"_links":{"self":[{"href":"https:\/\/www.fedecame.net\/wp1\/index.php?rest_route=\/wp\/v2\/pages\/1893"}],"collection":[{"href":"https:\/\/www.fedecame.net\/wp1\/index.php?rest_route=\/wp\/v2\/pages"}],"about":[{"href":"https:\/\/www.fedecame.net\/wp1\/index.php?rest_route=\/wp\/v2\/types\/page"}],"author":[{"embeddable":true,"href":"https:\/\/www.fedecame.net\/wp1\/index.php?rest_route=\/wp\/v2\/users\/1"}],"replies":[{"embeddable":true,"href":"https:\/\/www.fedecame.net\/wp1\/index.php?rest_route=%2Fwp%2Fv2%2Fcomments&post=1893"}],"version-history":[{"count":2,"href":"https:\/\/www.fedecame.net\/wp1\/index.php?rest_route=\/wp\/v2\/pages\/1893\/revisions"}],"predecessor-version":[{"id":2129,"href":"https:\/\/www.fedecame.net\/wp1\/index.php?rest_route=\/wp\/v2\/pages\/1893\/revisions\/2129"}],"wp:attachment":[{"href":"https:\/\/www.fedecame.net\/wp1\/index.php?rest_route=%2Fwp%2Fv2%2Fmedia&parent=1893"}],"curies":[{"name":"wp","href":"https:\/\/api.w.org\/{rel}","templated":true}]}}