{"id":1975,"date":"2018-10-08T02:25:04","date_gmt":"2018-10-08T00:25:04","guid":{"rendered":"http:\/\/www.cigers.net\/fedecame\/?page_id=1975"},"modified":"2025-08-31T17:24:09","modified_gmt":"2025-08-31T15:24:09","slug":"listes-de-medicaments-essentiels","status":"publish","type":"page","link":"https:\/\/www.fedecame.net\/wp1\/?page_id=1975","title":{"rendered":"Liste Nationale des M\u00e9dicaments Essentiels du SNAME"},"content":{"rendered":"<p>La F\u00e9d\u00e9ration des Centrales d\u2019Approvisionnement en M\u00e9dicaments Essentiels assure une approvisionnement d\u2019une large gamme de M\u00e9dicaments g\u00e9n\u00e9riques locaux et internationaux, y compris un large \u00e9ventail d\u2019\u00e9quipements hospitaliers et consommables m\u00e9dicaux r\u00e9pondants aux normes de qualit\u00e9.<\/p>\n<p>Les m\u00e9dicaments essentiels sont ceux qui r\u00e9pondent aux besoins de sant\u00e9 prioritaires d\u2019une population. Et ces produits devraient \u00eatre disponibles en permanence dans le cadre de syst\u00e8mes de sant\u00e9 op\u00e9rationnels, en quantit\u00e9 suffisante, avec une qualit\u00e9 assur\u00e9e et \u00e0 un prix abordable au niveau communautaire.<\/p>\n<p>La liste de m\u00e9dicaments essentiels de la F\u00e9d\u00e9ration des Centrales d\u2019Approvisionnement en M\u00e9dicaments Essentiels est bas\u00e9e sur <a href=\"http:\/\/www.gls.cd\/doc\/Nomenclature.xls\" target=\"_blank\" rel=\"noopener\"><strong>la liste des m\u00e9dicaments essentiels \u00a0du SNAME.<\/strong><\/a><\/p>\n","protected":false},"excerpt":{"rendered":"<p>La F\u00e9d\u00e9ration des Centrales d\u2019Approvisionnement en M\u00e9dicaments Essentiels assure une approvisionnement d\u2019une large gamme de M\u00e9dicaments g\u00e9n\u00e9riques locaux et internationaux, y compris un large \u00e9ventail d\u2019\u00e9quipements hospitaliers et consommables m\u00e9dicaux r\u00e9pondants aux normes de qualit\u00e9. Les m\u00e9dicaments essentiels sont ceux qui r\u00e9pondent aux besoins de sant\u00e9 prioritaires d\u2019une population. Et ces produits devraient \u00eatre disponibles&hellip;<\/p>\n","protected":false},"author":1,"featured_media":0,"parent":0,"menu_order":0,"comment_status":"closed","ping_status":"closed","template":"","meta":{"footnotes":""},"_links":{"self":[{"href":"https:\/\/www.fedecame.net\/wp1\/index.php?rest_route=\/wp\/v2\/pages\/1975"}],"collection":[{"href":"https:\/\/www.fedecame.net\/wp1\/index.php?rest_route=\/wp\/v2\/pages"}],"about":[{"href":"https:\/\/www.fedecame.net\/wp1\/index.php?rest_route=\/wp\/v2\/types\/page"}],"author":[{"embeddable":true,"href":"https:\/\/www.fedecame.net\/wp1\/index.php?rest_route=\/wp\/v2\/users\/1"}],"replies":[{"embeddable":true,"href":"https:\/\/www.fedecame.net\/wp1\/index.php?rest_route=%2Fwp%2Fv2%2Fcomments&post=1975"}],"version-history":[{"count":8,"href":"https:\/\/www.fedecame.net\/wp1\/index.php?rest_route=\/wp\/v2\/pages\/1975\/revisions"}],"predecessor-version":[{"id":2694,"href":"https:\/\/www.fedecame.net\/wp1\/index.php?rest_route=\/wp\/v2\/pages\/1975\/revisions\/2694"}],"wp:attachment":[{"href":"https:\/\/www.fedecame.net\/wp1\/index.php?rest_route=%2Fwp%2Fv2%2Fmedia&parent=1975"}],"curies":[{"name":"wp","href":"https:\/\/api.w.org\/{rel}","templated":true}]}}