{"id":2000,"date":"2018-10-08T09:50:38","date_gmt":"2018-10-08T07:50:38","guid":{"rendered":"http:\/\/www.cigers.net\/fedecame\/?page_id=2000"},"modified":"2023-11-16T11:10:35","modified_gmt":"2023-11-16T10:10:35","slug":"fedecame-en-chiffres","status":"publish","type":"page","link":"https:\/\/www.fedecame.net\/wp1\/?page_id=2000","title":{"rendered":"FEDECAME EN CHIFFRES"},"content":{"rendered":"<ul>\n<li><strong>Flux financiers<\/strong><\/li>\n<\/ul>\n<p><strong>Situation des achats et des ventes des m\u00e9dicaments et autres produits de sant\u00e9 dans les CDR du r\u00e9seau FEDECAME (en USD)<\/strong><\/p>\n<table width=\"603\">\n<tbody>\n<tr>\n<td width=\"45\"><strong>N\u00b0<\/strong><\/td>\n<td width=\"189\"><strong>Libell\u00e9<\/strong><\/td>\n<td width=\"94\"><strong>2019<\/strong><\/td>\n<td width=\"132\"><strong>2020<\/strong><\/td>\n<td width=\"142\"><strong>2021<\/strong><\/td>\n<\/tr>\n<tr>\n<td width=\"45\">1.<\/td>\n<td width=\"189\"><strong>Achats m\u00e9dicaments et autres produits de sant\u00e9 <\/strong><\/td>\n<td width=\"94\"><strong>9\u00a0990 519<\/strong><\/td>\n<td width=\"132\"><strong>17\u00a0322 870<\/strong><\/td>\n<td width=\"142\"><strong>14\u00a0867 764<\/strong><\/td>\n<\/tr>\n<tr>\n<td width=\"45\">2.<\/td>\n<td width=\"189\"><strong>Ventes m\u00e9dicaments r\u00e9seaux FEDECAME<\/strong><\/td>\n<td width=\"94\"><strong>15\u00a0313 481<\/strong><\/td>\n<td width=\"132\"><strong>20\u00a0652 504<\/strong><\/td>\n<td width=\"142\"><strong>12\u00a0995 385<\/strong><\/td>\n<\/tr>\n<\/tbody>\n<\/table>\n<p><strong>\u00a0<\/strong><\/p>\n<ul>\n<li><strong>Flux mati\u00e8res <\/strong><\/li>\n<\/ul>\n<p><strong>\u00a0<\/strong><\/p>\n<p><strong>Gestion de stocks des M\u00e9dicaments dans les CDR du r\u00e9seau FEDECAME (en USD)<\/strong><\/p>\n<table width=\"558\">\n<tbody>\n<tr>\n<td width=\"180\"><strong>Libell\u00e9<\/strong><\/td>\n<td width=\"130\"><strong>2019<\/strong><\/td>\n<td width=\"106\"><strong>2020<\/strong><\/td>\n<td width=\"142\"><strong>2021<\/strong><\/td>\n<\/tr>\n<tr>\n<td width=\"180\"><strong>Valeur Globale des stocks g\u00e9r\u00e9s dans le R\u00e9seaux FEDECAME <\/strong><\/td>\n<td width=\"130\"><strong>73 964 600<\/strong><\/td>\n<td width=\"106\"><strong>78\u00a0114\u00a0446<\/strong><\/td>\n<td width=\"142\"><strong>67\u00a0771\u00a0074<\/strong><\/td>\n<\/tr>\n<tr>\n<td width=\"180\"><strong>Stocks propres au CDR <\/strong><\/td>\n<td width=\"130\"><strong>11\u00a0759 200<\/strong><\/td>\n<td width=\"106\"><strong>10\u00a0979\u00a0129<\/strong><\/td>\n<td width=\"142\"><strong>12\u00a0476\u00a0609<\/strong><\/td>\n<\/tr>\n<tr>\n<td width=\"180\"><strong>Stocks de partenaires du Gouvernement (PTF)*<\/strong><\/td>\n<td width=\"130\"><strong>62\u00a0205 400<\/strong><\/td>\n<td width=\"106\"><strong>67\u00a0135\u00a0317<\/strong><\/td>\n<td width=\"142\"><strong>55\u00a0294 465<\/strong><\/td>\n<\/tr>\n<\/tbody>\n<\/table>\n<p>*Partenaires\u00a0utilisant le R\u00e9seaux FEDECAME\/CDR pour l\u2019achat ou stockage des m\u00e9dicaments et autres produits de sant\u00e9 en faveur des zones de sant\u00e9 et formations sanitaires. (Liste non exhaustive)\u00a0:<\/p>\n<ul>\n<li>Fonds Mondial (SANRU et Cordaid)<\/li>\n<li>USAID (Chemonics, Prosani, \u2026.)<\/li>\n<li>Union Europ\u00e9enne<\/li>\n<li>Royaume de Belgique (Enabel)<\/li>\n<li>UNFPA<\/li>\n<li>OMS<\/li>\n<li>UNICEF<\/li>\n<li>KOICA<\/li>\n<li>GAVI<\/li>\n<li>MEMISA<\/li>\n<li>MEDICUS MUNDI<\/li>\n<li>M\u00e9decins du monde<\/li>\n<li>DFID<\/li>\n<li>et autres<\/li>\n<\/ul>\n<p><strong> CAPACITES D\u2019ENTREPOSAGE ET DE MANUTENTION DU RESEAU FEDECAME<\/strong><\/p>\n<p>La FEDECAME a b\u00e9n\u00e9fici\u00e9 d\u2019un b\u00e2timent administratif sur financement de l\u2019Union Europ\u00e9enne \u00e0 travers le Programme de Renforcement de l\u2019Offre et de D\u00e9veloppement de l\u2019acc\u00e8s aux soins de Sant\u00e9 en RDC (PRO DS) et la porte d\u2019entr\u00e9e de Kinshasa Ouest sera dot\u00e9e\u00a0 des entrep\u00f4ts pr\u00e9fabriqu\u00e9s d\u2019une capacit\u00e9 de 6\u00a0000 m\u00b3 sur cofinancement de l\u2019USAID et du Fonds Mondial dont les travaux sont en cours dans l\u2019enceinte de la Concession du Minist\u00e8re de la Sant\u00e9 \u00e0 c\u00f4t\u00e9 du Laboratoire Pharmaceutique et de Contr\u00f4le qualit\u00e9 (LAPHAKI).<\/p>\n<p>Actuellement, le r\u00e9seau FEDECAME regorge \u00e0 travers ses CDR membres diss\u00e9min\u00e9es \u00e0 travers la R\u00e9publique un volume de stockage estim\u00e9 \u00e0 162\u00a0694 m\u00b3 soit 2\u00a0712 containers de 40 pieds tels que d\u00e9montr\u00e9 dans le tableau ci-dessous\u00a0:<\/p>\n<table>\n<tbody>\n<tr>\n<td width=\"54\"><strong>\u00a0<\/strong><\/p>\n<p><strong>N\u00b0<\/strong><\/p>\n<p><strong>\u00a0<\/strong><\/td>\n<td width=\"378\"><strong>CENTRALES MEMBRES<\/strong><\/td>\n<td width=\"104\"><strong>CAPACITE DE STOCKAGE<\/strong><\/td>\n<\/tr>\n<tr>\n<td width=\"54\">1.<\/td>\n<td width=\"378\">L\u2019ASRAMES (Goma \u2013 Province du Nord-Kivu)<\/td>\n<td width=\"104\">27\u00a0650 m\u00b3<\/td>\n<\/tr>\n<tr>\n<td width=\"54\">2.<\/td>\n<td width=\"378\">La CAAMEKI (Kisantu \u2013 Province du Kongo Central)<\/td>\n<td width=\"104\">\u00a0 \u00a0\u00a0\u00a0\u00a0\u00a0\u00a0\u00a0\u00a0\u00a0\u00a03\u00a0000 m\u00b3<\/td>\n<\/tr>\n<tr>\n<td width=\"54\">3.<\/td>\n<td width=\"378\">La CADIMEK (Kananga \u2013 Province du Kasa\u00ef Central)<\/td>\n<td width=\"104\">\u00a0\u00a0\u00a0\u00a0\u00a0\u00a0\u00a0\u00a0\u00a0 14\u00a0000 m\u00b3<\/td>\n<\/tr>\n<tr>\n<td width=\"54\">4.<\/td>\n<td width=\"378\">La CADMEKO (Mbuji-Mayi Province du Kasa\u00ef Oriental)<\/td>\n<td width=\"104\">\u00a0\u00a0 \u00a0\u00a0\u00a0\u00a0\u00a0\u00a0\u00a0\u00a0\u00a04\u00a0913 m\u00b3<\/td>\n<\/tr>\n<tr>\n<td width=\"54\">5.<\/td>\n<td width=\"378\">La CAAMEKO (Matadi \u2013 Province du Kongo Central)<\/td>\n<td width=\"104\">3\u00a0000 m\u00b3<\/td>\n<\/tr>\n<tr>\n<td width=\"54\">6.<\/td>\n<td width=\"378\">La CAMESKIN (Kinshasa \u2013 Province de Kinshasa)<\/td>\n<td width=\"104\">\u00a0\u00a0\u00a0\u00a0 \u00a0\u00a0\u00a0\u00a0\u00a015\u00a0000 m\u00b3<\/td>\n<\/tr>\n<tr>\n<td width=\"54\">7.<\/td>\n<td width=\"378\">La CAMENE (Gemena \u2013 Province du Sud Ubangi)<\/td>\n<td width=\"104\">\u00a0\u00a0\u00a0\u00a0\u00a0\u00a0\u00a0\u00a0\u00a0\u00a0\u00a0 8\u00a0807 m\u00b3<\/td>\n<\/tr>\n<tr>\n<td width=\"54\">8.<\/td>\n<td width=\"378\">La CAMEBASU (Kikwit \u2013 Province du Kwilu)<\/td>\n<td width=\"104\">\u00a0\u00a0\u00a0\u00a0\u00a0\u00a0\u00a0 \u00a0\u00a0\u00a07\u00a0290 m\u00b3<\/td>\n<\/tr>\n<tr>\n<td width=\"54\">9.<\/td>\n<td width=\"378\">La CADMETA (Kalemie &#8211; Province de Tanganyika)<\/td>\n<td width=\"104\">\u00a0\u00a0\u00a0\u00a0\u00a0\u00a0 \u00a0\u00a0\u00a0\u00a05\u00a0200 m\u00b3<\/td>\n<\/tr>\n<tr>\n<td width=\"54\">10.<\/td>\n<td width=\"378\">La CAMEKIS (Kisangani &#8211; Province de la TSHOPO)<\/td>\n<td width=\"104\">\u00a0\u00a0\u00a0\u00a0\u00a0\u00a0\u00a0 \u00a0\u00a0\u00a03\u00a0846 m\u00b3<\/td>\n<\/tr>\n<tr>\n<td width=\"54\">11.<\/td>\n<td width=\"378\">La CADIMEBU (Bunia &#8211; Province d\u2019Ituri)<\/td>\n<td width=\"104\">\u00a0\u00a0\u00a0 \u00a0\u00a0\u00a0\u00a0\u00a0\u00a020\u00a0966 m\u00b3<\/td>\n<\/tr>\n<tr>\n<td width=\"54\">12.<\/td>\n<td width=\"378\">La CAMEKOL (Kolwezi \u2013 Province du Lualaba)<\/td>\n<td width=\"104\">\u00a0\u00a0\u00a0\u00a0\u00a0\u00a0\u00a0\u00a0 \u00a0\u00a03\u00a0410 m\u00b3<\/td>\n<\/tr>\n<tr>\n<td width=\"54\">13.<\/td>\n<td width=\"378\">La CEDIMEK (Kamina Province du Haut-Lomami)<\/td>\n<td width=\"104\">\u00a0\u00a0\u00a0\u00a0\u00a0\u00a0\u00a0 \u00a0\u00a0\u00a03 424\u00a0m\u00b3<\/td>\n<\/tr>\n<tr>\n<td width=\"54\">14.<\/td>\n<td width=\"378\">La CEDIMET (Tshikapa \u2013 Province du Kasa\u00ef)<\/td>\n<td width=\"104\">\u00a0\u00a0\u00a0\u00a0\u00a0\u00a0\u00a0\u00a0 \u00a0\u00a06\u00a0410 m\u00b3<\/td>\n<\/tr>\n<tr>\n<td width=\"54\">15.<\/td>\n<td width=\"378\">La CAAMENIHU (Aru &#8211; Province d\u2019Ituri)<\/td>\n<td width=\"104\">\u00a0\u00a0\u00a0\u00a0\u00a0\u00a0 \u00a0\u00a015\u00a0272 m\u00b3<\/td>\n<\/tr>\n<tr>\n<td width=\"54\">16.<\/td>\n<td width=\"378\">La CAMEMA (Kindu &#8211; Province du Maniema)<\/td>\n<td width=\"104\">\u00a0\u00a0\u00a0 \u00a0\u00a0\u00a0\u00a0\u00a0\u00a0\u00a0\u00a0\u00a0\u00a0\u00a0750 m\u00b3<\/td>\n<\/tr>\n<tr>\n<td width=\"54\">17.<\/td>\n<td width=\"378\">La CAMELU (Lubumbashi \u2013 Province du Haut-Katanga)<\/td>\n<td width=\"104\">\u00a0\u00a0\u00a0\u00a0 \u00a0\u00a0\u00a0\u00a0\u00a010\u00a0073 m\u00b3<\/td>\n<\/tr>\n<tr>\n<td width=\"54\">18.<\/td>\n<td width=\"378\">La CAMESE (Mbandaka \u2013 Province d\u2019Equateur)<\/td>\n<td width=\"104\">\u00a0\u00a0\u00a0\u00a0\u00a0\u00a0 \u00a0\u00a0\u00a0\u00a03\u00a0000 m\u00b3<\/td>\n<\/tr>\n<tr>\n<td width=\"54\">19.<\/td>\n<td width=\"378\">La CAMESANK (Lodja \u2013 Province de Sankuru)<\/td>\n<td width=\"104\">\u00a0\u00a0 \u00a0\u00a0\u00a0\u00a0\u00a0\u00a0\u00a0\u00a0\u00a01\u00a0176 m\u00b3<\/td>\n<\/tr>\n<tr>\n<td width=\"54\">20.<\/td>\n<td width=\"378\">La CADMESKI (Bukavu &#8211; Province du Sud KIVU)<\/td>\n<td width=\"104\">\u00a0 \u00a0\u00a0\u00a0\u00a0\u00a0\u00a0\u00a0\u00a0\u00a0\u00a04\u00a0488 m\u00b3<\/td>\n<\/tr>\n<tr>\n<td width=\"54\">21.<\/td>\n<td width=\"378\">La CEDAMET (Boende \u2013 Province de la Tshuapa)<\/td>\n<td width=\"104\">\u00a0 \u00a0\u00a0\u00a0\u00a0\u00a0\u00a0\u00a0\u00a0\u00a0\u00a01\u00a0019 m\u00b3<\/td>\n<\/tr>\n<tr>\n<td colspan=\"2\" width=\"433\"><strong>TOTAL<\/strong><\/td>\n<td width=\"104\"><strong>\u00a0\u00a0\u00a0 <\/strong><strong>162\u00a0694 m\u00b3<\/strong><\/td>\n<\/tr>\n<\/tbody>\n<\/table>\n","protected":false},"excerpt":{"rendered":"<p>Flux financiers Situation des achats et des ventes des m\u00e9dicaments et autres produits de sant\u00e9 dans les CDR du r\u00e9seau FEDECAME (en USD) N\u00b0 Libell\u00e9 2019 2020 2021 1. Achats m\u00e9dicaments et autres produits de sant\u00e9 9\u00a0990 519 17\u00a0322 870 14\u00a0867 764 2. Ventes m\u00e9dicaments r\u00e9seaux FEDECAME 15\u00a0313 481 20\u00a0652 504 12\u00a0995 385 \u00a0 Flux&hellip;<\/p>\n","protected":false},"author":1,"featured_media":0,"parent":0,"menu_order":0,"comment_status":"closed","ping_status":"closed","template":"","meta":{"footnotes":""},"_links":{"self":[{"href":"https:\/\/www.fedecame.net\/wp1\/index.php?rest_route=\/wp\/v2\/pages\/2000"}],"collection":[{"href":"https:\/\/www.fedecame.net\/wp1\/index.php?rest_route=\/wp\/v2\/pages"}],"about":[{"href":"https:\/\/www.fedecame.net\/wp1\/index.php?rest_route=\/wp\/v2\/types\/page"}],"author":[{"embeddable":true,"href":"https:\/\/www.fedecame.net\/wp1\/index.php?rest_route=\/wp\/v2\/users\/1"}],"replies":[{"embeddable":true,"href":"https:\/\/www.fedecame.net\/wp1\/index.php?rest_route=%2Fwp%2Fv2%2Fcomments&post=2000"}],"version-history":[{"count":5,"href":"https:\/\/www.fedecame.net\/wp1\/index.php?rest_route=\/wp\/v2\/pages\/2000\/revisions"}],"predecessor-version":[{"id":2661,"href":"https:\/\/www.fedecame.net\/wp1\/index.php?rest_route=\/wp\/v2\/pages\/2000\/revisions\/2661"}],"wp:attachment":[{"href":"https:\/\/www.fedecame.net\/wp1\/index.php?rest_route=%2Fwp%2Fv2%2Fmedia&parent=2000"}],"curies":[{"name":"wp","href":"https:\/\/api.w.org\/{rel}","templated":true}]}}