{"id":2458,"date":"2020-03-01T12:01:40","date_gmt":"2020-03-01T11:01:40","guid":{"rendered":"http:\/\/www.fedecame.com\/?page_id=2458"},"modified":"2020-03-01T21:31:28","modified_gmt":"2020-03-01T20:31:28","slug":"fonctions","status":"publish","type":"page","link":"https:\/\/www.fedecame.net\/wp1\/?page_id=2458","title":{"rendered":"FONCTIONS"},"content":{"rendered":"<p><a class=\"dt-pswp-item\" href=\"http:\/\/www.fedecame.com\/wp-content\/uploads\/2020\/01\/Image1.png\" data-dt-img-description=\"\" data-large_image_width=\"777\" data-large_image_height=\"518\"><img loading=\"lazy\" decoding=\"async\" class=\"aligncenter size-medium wp-image-2285\" src=\"http:\/\/www.fedecame.com\/wp-content\/uploads\/2020\/01\/Image1-300x200.png\" alt=\"\" width=\"300\" height=\"200\" srcset=\"https:\/\/www.fedecame.net\/wp1\/wp-content\/uploads\/2020\/01\/Image1-300x200.png 300w, https:\/\/www.fedecame.net\/wp1\/wp-content\/uploads\/2020\/01\/Image1-768x512.png 768w, https:\/\/www.fedecame.net\/wp1\/wp-content\/uploads\/2020\/01\/Image1.png 777w\" sizes=\"(max-width: 300px) 100vw, 300px\" \/><\/a>Pour r\u00e9aliser son objet social, la FEDECAME exercera les fonctions suivantes\u00a0:<\/p>\n<ul>\n<li>la passation des commandes group\u00e9es et centralis\u00e9es de m\u00e9dicaments essentiels, consommables et dispositifs m\u00e9dicaux, \u00e9quipements m\u00e9dico-chirurgicaux, r\u00e9actifs et \u00e9quipements de laboratoires, d\u00e9sign\u00e9s ci-apr\u00e8s \u00ab\u00a0produits\u00a0\u00bb pour compte des\u00a0 centrales sous-r\u00e9gionales membres de la F\u00e9d\u00e9ration, tant sur le march\u00e9\u00a0 int\u00e9rieur qu\u2019aupr\u00e8s des fournisseurs \u00e9trangers\u00a0;<\/li>\n<li>la qualification des sources des approvisionnements\u00a0;<\/li>\n<li>la logistique d\u2019acheminement jusqu\u2019aux centrales clientes des produits command\u00e9s\u00a0;<\/li>\n<li>la mise \u00e0 la disposition des centrales d\u2019un appui technique\u00a0;<\/li>\n<li>la coordination des achats ;<\/li>\n<li>la d\u00e9fense des int\u00e9r\u00eats des centrales r\u00e9gionales-membres aupr\u00e8s de l\u2019Etat\u00a0;<\/li>\n<li>la garantie de la performance du Syst\u00e8me d\u2019approvisionnement en m\u00e9dicaments essentiels dans les limites de son objet\u00a0;<\/li>\n<li>toute autre fonction que lui confieraient les centrales r\u00e9gionales-membres.<\/li>\n<\/ul>\n<p>L\u2019exercice de ces fonctions est soumis aux conditions et modalit\u00e9s d\u00e9finies par le r\u00e8glement d\u2019ordre int\u00e9rieur.<\/p>\n","protected":false},"excerpt":{"rendered":"<p>Pour r\u00e9aliser son objet social, la FEDECAME exercera les fonctions suivantes\u00a0: la passation des commandes group\u00e9es et centralis\u00e9es de m\u00e9dicaments essentiels, consommables et dispositifs m\u00e9dicaux, \u00e9quipements m\u00e9dico-chirurgicaux, r\u00e9actifs et \u00e9quipements de laboratoires, d\u00e9sign\u00e9s ci-apr\u00e8s \u00ab\u00a0produits\u00a0\u00bb pour compte des\u00a0 centrales sous-r\u00e9gionales membres de la F\u00e9d\u00e9ration, tant sur le march\u00e9\u00a0 int\u00e9rieur qu\u2019aupr\u00e8s des fournisseurs \u00e9trangers\u00a0; la qualification&hellip;<\/p>\n","protected":false},"author":1,"featured_media":0,"parent":0,"menu_order":0,"comment_status":"closed","ping_status":"closed","template":"","meta":{"footnotes":""},"_links":{"self":[{"href":"https:\/\/www.fedecame.net\/wp1\/index.php?rest_route=\/wp\/v2\/pages\/2458"}],"collection":[{"href":"https:\/\/www.fedecame.net\/wp1\/index.php?rest_route=\/wp\/v2\/pages"}],"about":[{"href":"https:\/\/www.fedecame.net\/wp1\/index.php?rest_route=\/wp\/v2\/types\/page"}],"author":[{"embeddable":true,"href":"https:\/\/www.fedecame.net\/wp1\/index.php?rest_route=\/wp\/v2\/users\/1"}],"replies":[{"embeddable":true,"href":"https:\/\/www.fedecame.net\/wp1\/index.php?rest_route=%2Fwp%2Fv2%2Fcomments&post=2458"}],"version-history":[{"count":2,"href":"https:\/\/www.fedecame.net\/wp1\/index.php?rest_route=\/wp\/v2\/pages\/2458\/revisions"}],"predecessor-version":[{"id":2460,"href":"https:\/\/www.fedecame.net\/wp1\/index.php?rest_route=\/wp\/v2\/pages\/2458\/revisions\/2460"}],"wp:attachment":[{"href":"https:\/\/www.fedecame.net\/wp1\/index.php?rest_route=%2Fwp%2Fv2%2Fmedia&parent=2458"}],"curies":[{"name":"wp","href":"https:\/\/api.w.org\/{rel}","templated":true}]}}